{"id":1554,"date":"2022-03-10T08:42:25","date_gmt":"2022-03-10T08:42:25","guid":{"rendered":"https:\/\/www.sedexpo.com\/politica-de-privacidade\/"},"modified":"2022-03-10T08:42:26","modified_gmt":"2022-03-10T08:42:26","slug":"politica-de-privacidade","status":"publish","type":"page","link":"https:\/\/www.feiradegalicia.com\/sedexpo\/gl\/politica-de-privacidade\/","title":{"rendered":"Pol\u00edtica de privacidade"},"content":{"rendered":"\t\t<div data-elementor-type=\"wp-page\" data-elementor-id=\"1554\" class=\"elementor elementor-1554 elementor-1072\">\n\t\t\t\t\t\t\t\t\t<section class=\"elementor-section elementor-top-section elementor-element elementor-element-79a5f2b elementor-section-height-min-height elementor-section-boxed elementor-section-height-default elementor-section-items-middle\" data-id=\"79a5f2b\" data-element_type=\"section\" data-settings=\"{&quot;background_background&quot;:&quot;classic&quot;}\">\n\t\t\t\t\t\t<div class=\"elementor-container elementor-column-gap-default\">\n\t\t\t\t\t<div class=\"elementor-column elementor-col-100 elementor-top-column elementor-element elementor-element-64fa800\" data-id=\"64fa800\" data-element_type=\"column\">\n\t\t\t<div class=\"elementor-widget-wrap elementor-element-populated\">\n\t\t\t\t\t\t\t\t\t<\/div>\n\t\t<\/div>\n\t\t\t\t\t\t\t<\/div>\n\t\t<\/section>\n\t\t\t\t<section class=\"elementor-section elementor-top-section elementor-element elementor-element-d1a3aac elementor-section-boxed elementor-section-height-default elementor-section-height-default\" data-id=\"d1a3aac\" data-element_type=\"section\">\n\t\t\t\t\t\t<div class=\"elementor-container elementor-column-gap-default\">\n\t\t\t\t\t<div class=\"elementor-column elementor-col-100 elementor-top-column elementor-element elementor-element-3fbb725\" data-id=\"3fbb725\" data-element_type=\"column\">\n\t\t\t<div class=\"elementor-widget-wrap elementor-element-populated\">\n\t\t\t\t\t\t\t\t<div class=\"elementor-element elementor-element-b7251eb elementor-invisible elementor-widget elementor-widget-text-editor\" data-id=\"b7251eb\" data-element_type=\"widget\" data-settings=\"{&quot;_animation&quot;:&quot;fadeInUp&quot;,&quot;_animation_tablet&quot;:&quot;none&quot;}\" data-widget_type=\"text-editor.default\">\n\t\t\t\t<div class=\"elementor-widget-container\">\n\t\t\t<style>\/*! elementor - v3.11.5 - 14-03-2023 *\/\n.elementor-widget-text-editor.elementor-drop-cap-view-stacked .elementor-drop-cap{background-color:#818a91;color:#fff}.elementor-widget-text-editor.elementor-drop-cap-view-framed .elementor-drop-cap{color:#818a91;border:3px solid;background-color:transparent}.elementor-widget-text-editor:not(.elementor-drop-cap-view-default) .elementor-drop-cap{margin-top:8px}.elementor-widget-text-editor:not(.elementor-drop-cap-view-default) .elementor-drop-cap-letter{width:1em;height:1em}.elementor-widget-text-editor .elementor-drop-cap{float:left;text-align:center;line-height:1;font-size:50px}.elementor-widget-text-editor .elementor-drop-cap-letter{display:inline-block}<\/style>\t\t\t\t<p><strong>INFORMACI\u00d3N DETALLADA PROTECCI\u00d3N DE DATOS<\/strong><\/p>\n<p><strong> <\/strong><strong><em>\u00bfQui\u00e9n es el Responsable del tratamiento de sus datos?<\/em><\/strong><\/p>\n<p>Identidad: FUNDACI\u00d3N SEMANA VERDE DE GALICIA<\/p>\n<p>Domicilio Social: Recinto Ferial s\/n, 36.540, Silleda (Pontevedra)<\/p>\n<p>Tel\u00e9fono: 986 57 70 00<\/p>\n<p>Email: <a href=\"mailto:info@feiragalicia.com\">info@feiragalicia.com<\/a><\/p>\n<p><strong> <\/strong><strong><em>\u00bfCon qu\u00e9 finalidad tratamos sus datos personales?<\/em><\/strong><\/p>\n<p>En FUNDACI\u00d3N SEMANA VERDE DE GALICIA tratamos la informaci\u00f3n que nos facilitan las personas interesadas con el fin de gestionar y tramitar los servicios solicitados<\/p>\n<p>Se realizar\u00e1n tratamientos de datos automatizados con el fin de elaborar perfiles con los servicios solicitados o compras realizadas, la informaci\u00f3n ser\u00e1 totalmente an\u00f3nima y su uso es sobre todo para labores de marketing y de estad\u00edsticas tecnol\u00f3gicas, para poder ofrecerle promociones, ofertas o servicios por los que ha mostrado inter\u00e9s.<\/p>\n<p><strong><em>\u00bfPor cu\u00e1nto tiempo conservaremos sus datos?<\/em><\/strong><\/p>\n<p>Los datos personales facilitados por el usuario se conservar\u00e1n mientras no se solicite la supresi\u00f3n de los mismos por parte del interesado.<\/p>\n<p>La base legal para el tratamiento de sus datos es la ejecuci\u00f3n de su solicitud, el desarrollo y ejecuci\u00f3n de las relaciones contractuales y precontractuales establecidas con usted, as\u00ed como el cumplimiento de obligaciones legales que le son de aplicaci\u00f3n a <strong>FUNDACI\u00d3N SEMANA VERDE DE GALICIA<\/strong><\/p>\n<p><strong> <\/strong><strong><em>\u00bfA qu\u00e9 destinatarios se comunicar\u00e1n sus datos?<\/em><\/strong><\/p>\n<p>FUNDACI\u00d3N SEMANA VERDE DE GALICIA realiza cesi\u00f3n de datos a empresas colaboradoras y a las Administraciones p\u00fablicas a las que se encuentre obligado por Ley.<\/p>\n<p>El usuario podr\u00e1 ejercer en todo momento los derechos de Acceso, Rectificaci\u00f3n, Supresi\u00f3n, Limitaci\u00f3n, Oposici\u00f3n y Portabilidad de los datos aportados, seg\u00fan lo dispuesto en el Reglamento General (UE) 2016\/679 de Protecci\u00f3n de Datos, dirigiendo un escrito en que especifique que derecho desea ejercer al domicilio social arriba indicado, adjuntando copia del documento que lo identifique, a la direcci\u00f3n de correo electr\u00f3nico <a href=\"mailto:info@feiragalicia.com\">info@feiragalicia.com<\/a><\/p>\n<p>Asimismo, el interesado puede presentar una reclamaci\u00f3n ante la Autoridad de Control.<\/p>\n<p>En cumplimiento de lo establecido en el Reglamento General (UE) 2016\/679 de Protecci\u00f3n de Datos, comunicamos al usuario que los datos personales que nos facilite de forma voluntaria , por cualquiera de nuestros medios de recogida de informaci\u00f3n, van a ser incorporados a las Actividades de Tratamiento automatizados de datos de car\u00e1cter personal titularidad de <strong>FUNDACI\u00d3N SEMANA VERDE DE GALICIA<\/strong>, con el fin de poder prestarle nuestros servicios, as\u00ed como para mantenerle informado sobre cuestiones relativas a la actividad de la empresa y sus servicios. Los campos marcados con \u201c*\u201d son de car\u00e1cter obligatorio, por lo que la no cumplimentaci\u00f3n de dichos campos impedir\u00e1 al USUARIO disfrutar de algunos de los Servicios e informaciones ofrecidas en la Web. Los datos contenidos en ellos ser\u00e1n tratados de forma confidencial.<\/p>\n<p><strong>FUNDACI\u00d3N SEMANA VERDE DE GALICIA<\/strong> cumple \u00edntegramente con la legislaci\u00f3n vigente en materia de protecci\u00f3n de datos de car\u00e1cter personal, y con los compromisos de confidencialidad propios de su actividad.<\/p>\n<p><strong>FUNDACI\u00d3N SEMANA VERDE DE GALICIA <\/strong>ha adoptado las medidas t\u00e9cnicas necesarias para mantener el nivel de seguridad requerido, seg\u00fan la naturaleza de los datos personales tratados y las circunstancias del tratamiento, con el objeto de evitar, en la medida de lo posible y siempre seg\u00fan el estado de la t\u00e9cnica, su alteraci\u00f3n, p\u00e9rdida, tratamiento o acceso no autorizado. Para la realizaci\u00f3n de la gesti\u00f3n antes mencionada puede ser necesario que se cedan los datos a encargados del tratamiento, empresas colaboradoras y administraciones p\u00fablicas (las cuales pueden verificar la veracidad de los datos).<\/p>\n<p>En caso de que el USUARIO facilite datos de car\u00e1cter personal, referentes a personas f\u00edsicas distintas a s\u00ed mismo, el USUARIO deber\u00e1, con car\u00e1cter previo a la inclusi\u00f3n, informarles del contenido de la presente clausula, de acuerdo con lo establecido en el Reglamento General (UE) 2016\/679 de Protecci\u00f3n de Datos.<\/p>\n<p><strong>FUNDACI\u00d3N SEMANA VERDE DE GALICIA <\/strong>como responsable de la Actividad de Tratamiento, garantiza el ejercicio de los derechos de acceso, rectificaci\u00f3n, supresi\u00f3n, limitaci\u00f3n, oposici\u00f3n y portabilidad de los datos aportados, seg\u00fan lo dispuesto en el Reglamento General (UE) 2016\/679 de Protecci\u00f3n de Datos, el USUARIO podr\u00e1 ejercer en todo momento los derechos, dirigiendo un escrito al domicilio social, adjuntando copia del DNI o Pasaporte.<\/p>\n<p><strong>FUNDACI\u00d3N SEMANA VERDE DE GALICIA<\/strong> garantiza que todas las comunicaciones comerciales que dirige a sus clientes cumplen la normativa vigente.<\/p>\n<p>Por ello, en cumplimiento de la Ley 34\/2002 de Servicios de la Sociedad de la Informaci\u00f3n y de Comercio Electr\u00f3nico y la Ley 9\/2014 General de Telecomunicaciones, se informa al USUARIO que <strong>FUNDACI\u00d3N SEMANA VERDE DE GALICIA <\/strong>podr\u00e1 enviarle por medios electr\u00f3nicos informaci\u00f3n acerca de productos y servicios de inter\u00e9s a lo que Ud. presta su consentimiento<\/p>\n<p>En cualquier momento podr\u00e1 revocar esta autorizaci\u00f3n en la direcci\u00f3n <a href=\"mailto:info@feiragalicia.com\">info@feiragalicia.com<\/a><\/p>\n\t\t\t\t\t\t<\/div>\n\t\t\t\t<\/div>\n\t\t\t\t\t<\/div>\n\t\t<\/div>\n\t\t\t\t\t\t\t<\/div>\n\t\t<\/section>\n\t\t\t\t\t\t\t<\/div>\n\t\t","protected":false},"excerpt":{"rendered":"<p>INFORMACI\u00d3N DETALLADA PROTECCI\u00d3N DE DATOS \u00bfQui\u00e9n es el Responsable del tratamiento de sus datos? Identidad: FUNDACI\u00d3N SEMANA VERDE DE GALICIA Domicilio Social: Recinto Ferial s\/n, 36.540, Silleda (Pontevedra) Tel\u00e9fono: 986 &#8230; <a title=\"Pol\u00edtica de privacidade\" class=\"read-more\" href=\"https:\/\/www.feiradegalicia.com\/sedexpo\/gl\/politica-de-privacidade\/\" aria-label=\"M\u00e1is en Pol\u00edtica de privacidade\">Ler m\u00e1is<\/a><\/p>\n","protected":false},"author":1,"featured_media":0,"parent":0,"menu_order":0,"comment_status":"closed","ping_status":"closed","template":"elementor_header_footer","meta":{"_price":"","_stock":"","_tribe_ticket_header":"","_tribe_default_ticket_provider":"","_tribe_ticket_capacity":"0","_ticket_start_date":"","_ticket_end_date":"","_tribe_ticket_show_description":"","_tribe_ticket_show_not_going":false,"_tribe_ticket_use_global_stock":"","_tribe_ticket_global_stock_level":"","_global_stock_mode":"","_global_stock_cap":"","_tribe_rsvp_for_event":"","_tribe_ticket_going_count":"","_tribe_ticket_not_going_count":"","_tribe_tickets_list":[],"_tribe_ticket_has_attendee_info_fields":false,"footnotes":""},"class_list":["post-1554","page","type-page","status-publish"],"acf":[],"yoast_head":"<!-- This site is optimized with the Yoast SEO plugin v18.1 - https:\/\/yoast.com\/wordpress\/plugins\/seo\/ -->\n<title>Pol\u00edtica de privacidade - Acreditaciones \/ Acreditaci\u00f3ns SEDEXPO<\/title>\n<meta name=\"robots\" content=\"noindex, follow\" \/>\n<meta property=\"og:locale\" content=\"gl_ES\" \/>\n<meta property=\"og:type\" content=\"article\" \/>\n<meta property=\"og:title\" content=\"Pol\u00edtica de privacidade - Acreditaciones \/ Acreditaci\u00f3ns SEDEXPO\" \/>\n<meta property=\"og:description\" content=\"INFORMACI\u00d3N DETALLADA PROTECCI\u00d3N DE DATOS \u00bfQui\u00e9n es el Responsable del tratamiento de sus datos? Identidad: FUNDACI\u00d3N SEMANA VERDE DE GALICIA Domicilio Social: Recinto Ferial s\/n, 36.540, Silleda (Pontevedra) Tel\u00e9fono: 986 ... Ler m\u00e1is\" \/>\n<meta property=\"og:url\" content=\"https:\/\/www.feiradegalicia.com\/sedexpo\/gl\/politica-de-privacidade\/\" \/>\n<meta property=\"og:site_name\" content=\"Acreditaciones \/ Acreditaci\u00f3ns SEDEXPO\" \/>\n<meta property=\"article:publisher\" content=\"https:\/\/twitter.com\/galiforest\" \/>\n<meta property=\"article:modified_time\" content=\"2022-03-10T08:42:26+00:00\" \/>\n<meta name=\"twitter:card\" content=\"summary_large_image\" \/>\n<meta name=\"twitter:site\" content=\"@galiforest\" \/>\n<meta name=\"twitter:label1\" content=\"Tempo de lectura\" \/>\n\t<meta name=\"twitter:data1\" content=\"4 minutos\" \/>\n<script type=\"application\/ld+json\" class=\"yoast-schema-graph\">{\"@context\":\"https:\/\/schema.org\",\"@graph\":[{\"@type\":\"Organization\",\"@id\":\"https:\/\/www.feiradegalicia.com\/sedexpo\/gl\/#organization\",\"name\":\"GALIFOREST ABANCA\",\"url\":\"https:\/\/www.feiradegalicia.com\/sedexpo\/gl\/\",\"sameAs\":[\"https:\/\/twitter.com\/galiforest\",\"https:\/\/es.linkedin.com\/company\/feira-internacional-de-galicia---figa\"],\"logo\":{\"@type\":\"ImageObject\",\"@id\":\"https:\/\/www.feiradegalicia.com\/sedexpo\/gl\/#logo\",\"inLanguage\":\"gl-ES\",\"url\":\"https:\/\/www.galiforest.com\/2022\/wp-content\/uploads\/2022\/05\/logo_galiforest-.png\",\"contentUrl\":\"https:\/\/www.galiforest.com\/2022\/wp-content\/uploads\/2022\/05\/logo_galiforest-.png\",\"width\":508,\"height\":254,\"caption\":\"GALIFOREST ABANCA\"},\"image\":{\"@id\":\"https:\/\/www.feiradegalicia.com\/sedexpo\/gl\/#logo\"}},{\"@type\":\"WebSite\",\"@id\":\"https:\/\/www.feiradegalicia.com\/sedexpo\/gl\/#website\",\"url\":\"https:\/\/www.feiradegalicia.com\/sedexpo\/gl\/\",\"name\":\"Acreditaciones \/ Acreditaci\u00f3ns SEDEXPO\",\"description\":\"Inscripci\u00f3n visitantes profesionales \/ Inscrici\u00f3n visitantes profesionais SEDEXPO\",\"publisher\":{\"@id\":\"https:\/\/www.feiradegalicia.com\/sedexpo\/gl\/#organization\"},\"potentialAction\":[{\"@type\":\"SearchAction\",\"target\":{\"@type\":\"EntryPoint\",\"urlTemplate\":\"https:\/\/www.feiradegalicia.com\/sedexpo\/gl\/?s={search_term_string}\"},\"query-input\":\"required name=search_term_string\"}],\"inLanguage\":\"gl-ES\"},{\"@type\":\"WebPage\",\"@id\":\"https:\/\/www.feiradegalicia.com\/sedexpo\/gl\/politica-de-privacidade\/#webpage\",\"url\":\"https:\/\/www.feiradegalicia.com\/sedexpo\/gl\/politica-de-privacidade\/\",\"name\":\"Pol\u00edtica de privacidade - Acreditaciones \/ Acreditaci\u00f3ns SEDEXPO\",\"isPartOf\":{\"@id\":\"https:\/\/www.feiradegalicia.com\/sedexpo\/gl\/#website\"},\"datePublished\":\"2022-03-10T08:42:25+00:00\",\"dateModified\":\"2022-03-10T08:42:26+00:00\",\"breadcrumb\":{\"@id\":\"https:\/\/www.feiradegalicia.com\/sedexpo\/gl\/politica-de-privacidade\/#breadcrumb\"},\"inLanguage\":\"gl-ES\",\"potentialAction\":[{\"@type\":\"ReadAction\",\"target\":[\"https:\/\/www.feiradegalicia.com\/sedexpo\/gl\/politica-de-privacidade\/\"]}]},{\"@type\":\"BreadcrumbList\",\"@id\":\"https:\/\/www.feiradegalicia.com\/sedexpo\/gl\/politica-de-privacidade\/#breadcrumb\",\"itemListElement\":[{\"@type\":\"ListItem\",\"position\":1,\"name\":\"Portada\",\"item\":\"https:\/\/www.feiradegalicia.com\/sedexpo\/gl\/\"},{\"@type\":\"ListItem\",\"position\":2,\"name\":\"Pol\u00edtica de privacidade\"}]}]}<\/script>\n<!-- \/ Yoast SEO plugin. -->","yoast_head_json":{"title":"Pol\u00edtica de privacidade - Acreditaciones \/ Acreditaci\u00f3ns SEDEXPO","robots":{"index":"noindex","follow":"follow"},"og_locale":"gl_ES","og_type":"article","og_title":"Pol\u00edtica de privacidade - Acreditaciones \/ Acreditaci\u00f3ns SEDEXPO","og_description":"INFORMACI\u00d3N DETALLADA PROTECCI\u00d3N DE DATOS \u00bfQui\u00e9n es el Responsable del tratamiento de sus datos? Identidad: FUNDACI\u00d3N SEMANA VERDE DE GALICIA Domicilio Social: Recinto Ferial s\/n, 36.540, Silleda (Pontevedra) Tel\u00e9fono: 986 ... Ler m\u00e1is","og_url":"https:\/\/www.feiradegalicia.com\/sedexpo\/gl\/politica-de-privacidade\/","og_site_name":"Acreditaciones \/ Acreditaci\u00f3ns SEDEXPO","article_publisher":"https:\/\/twitter.com\/galiforest","article_modified_time":"2022-03-10T08:42:26+00:00","twitter_card":"summary_large_image","twitter_site":"@galiforest","twitter_misc":{"Tempo de lectura":"4 minutos"},"schema":{"@context":"https:\/\/schema.org","@graph":[{"@type":"Organization","@id":"https:\/\/www.feiradegalicia.com\/sedexpo\/gl\/#organization","name":"GALIFOREST ABANCA","url":"https:\/\/www.feiradegalicia.com\/sedexpo\/gl\/","sameAs":["https:\/\/twitter.com\/galiforest","https:\/\/es.linkedin.com\/company\/feira-internacional-de-galicia---figa"],"logo":{"@type":"ImageObject","@id":"https:\/\/www.feiradegalicia.com\/sedexpo\/gl\/#logo","inLanguage":"gl-ES","url":"https:\/\/www.galiforest.com\/2022\/wp-content\/uploads\/2022\/05\/logo_galiforest-.png","contentUrl":"https:\/\/www.galiforest.com\/2022\/wp-content\/uploads\/2022\/05\/logo_galiforest-.png","width":508,"height":254,"caption":"GALIFOREST ABANCA"},"image":{"@id":"https:\/\/www.feiradegalicia.com\/sedexpo\/gl\/#logo"}},{"@type":"WebSite","@id":"https:\/\/www.feiradegalicia.com\/sedexpo\/gl\/#website","url":"https:\/\/www.feiradegalicia.com\/sedexpo\/gl\/","name":"Acreditaciones \/ Acreditaci\u00f3ns SEDEXPO","description":"Inscripci\u00f3n visitantes profesionales \/ Inscrici\u00f3n visitantes profesionais SEDEXPO","publisher":{"@id":"https:\/\/www.feiradegalicia.com\/sedexpo\/gl\/#organization"},"potentialAction":[{"@type":"SearchAction","target":{"@type":"EntryPoint","urlTemplate":"https:\/\/www.feiradegalicia.com\/sedexpo\/gl\/?s={search_term_string}"},"query-input":"required name=search_term_string"}],"inLanguage":"gl-ES"},{"@type":"WebPage","@id":"https:\/\/www.feiradegalicia.com\/sedexpo\/gl\/politica-de-privacidade\/#webpage","url":"https:\/\/www.feiradegalicia.com\/sedexpo\/gl\/politica-de-privacidade\/","name":"Pol\u00edtica de privacidade - Acreditaciones \/ Acreditaci\u00f3ns SEDEXPO","isPartOf":{"@id":"https:\/\/www.feiradegalicia.com\/sedexpo\/gl\/#website"},"datePublished":"2022-03-10T08:42:25+00:00","dateModified":"2022-03-10T08:42:26+00:00","breadcrumb":{"@id":"https:\/\/www.feiradegalicia.com\/sedexpo\/gl\/politica-de-privacidade\/#breadcrumb"},"inLanguage":"gl-ES","potentialAction":[{"@type":"ReadAction","target":["https:\/\/www.feiradegalicia.com\/sedexpo\/gl\/politica-de-privacidade\/"]}]},{"@type":"BreadcrumbList","@id":"https:\/\/www.feiradegalicia.com\/sedexpo\/gl\/politica-de-privacidade\/#breadcrumb","itemListElement":[{"@type":"ListItem","position":1,"name":"Portada","item":"https:\/\/www.feiradegalicia.com\/sedexpo\/gl\/"},{"@type":"ListItem","position":2,"name":"Pol\u00edtica de privacidade"}]}]}},"_links":{"self":[{"href":"https:\/\/www.feiradegalicia.com\/sedexpo\/gl\/wp-json\/wp\/v2\/pages\/1554","targetHints":{"allow":["GET"]}}],"collection":[{"href":"https:\/\/www.feiradegalicia.com\/sedexpo\/gl\/wp-json\/wp\/v2\/pages"}],"about":[{"href":"https:\/\/www.feiradegalicia.com\/sedexpo\/gl\/wp-json\/wp\/v2\/types\/page"}],"author":[{"embeddable":true,"href":"https:\/\/www.feiradegalicia.com\/sedexpo\/gl\/wp-json\/wp\/v2\/users\/1"}],"replies":[{"embeddable":true,"href":"https:\/\/www.feiradegalicia.com\/sedexpo\/gl\/wp-json\/wp\/v2\/comments?post=1554"}],"version-history":[{"count":1,"href":"https:\/\/www.feiradegalicia.com\/sedexpo\/gl\/wp-json\/wp\/v2\/pages\/1554\/revisions"}],"predecessor-version":[{"id":1555,"href":"https:\/\/www.feiradegalicia.com\/sedexpo\/gl\/wp-json\/wp\/v2\/pages\/1554\/revisions\/1555"}],"wp:attachment":[{"href":"https:\/\/www.feiradegalicia.com\/sedexpo\/gl\/wp-json\/wp\/v2\/media?parent=1554"}],"curies":[{"name":"wp","href":"https:\/\/api.w.org\/{rel}","templated":true}]}}