{"id":1536,"date":"2022-03-10T07:53:52","date_gmt":"2022-03-10T07:53:52","guid":{"rendered":"https:\/\/www.sedexpo.com\/aviso-legal-2\/"},"modified":"2022-06-16T11:42:15","modified_gmt":"2022-06-16T11:42:15","slug":"aviso-legal-2","status":"publish","type":"page","link":"https:\/\/www.feiradegalicia.com\/gl\/aviso-legal-2\/","title":{"rendered":"Aviso legal"},"content":{"rendered":"\t\t<div data-elementor-type=\"wp-page\" data-elementor-id=\"1536\" class=\"elementor elementor-1536 elementor-1059\">\n\t\t\t\t\t\t\t\t\t<section class=\"elementor-section elementor-top-section elementor-element elementor-element-1c98bf0 elementor-section-height-min-height elementor-section-boxed elementor-section-height-default elementor-section-items-middle\" data-id=\"1c98bf0\" data-element_type=\"section\" data-settings=\"{&quot;background_background&quot;:&quot;classic&quot;}\">\n\t\t\t\t\t\t<div class=\"elementor-container elementor-column-gap-default\">\n\t\t\t\t\t<div class=\"elementor-column elementor-col-100 elementor-top-column elementor-element elementor-element-dd6743e\" data-id=\"dd6743e\" data-element_type=\"column\">\n\t\t\t<div class=\"elementor-widget-wrap elementor-element-populated\">\n\t\t\t\t\t\t\t\t\t<\/div>\n\t\t<\/div>\n\t\t\t\t\t\t\t<\/div>\n\t\t<\/section>\n\t\t\t\t<section class=\"elementor-section elementor-top-section elementor-element elementor-element-6c01f12 elementor-section-boxed elementor-section-height-default elementor-section-height-default\" data-id=\"6c01f12\" data-element_type=\"section\">\n\t\t\t\t\t\t<div class=\"elementor-container elementor-column-gap-default\">\n\t\t\t\t\t<div class=\"elementor-column elementor-col-100 elementor-top-column elementor-element elementor-element-19a81ca\" data-id=\"19a81ca\" data-element_type=\"column\">\n\t\t\t<div class=\"elementor-widget-wrap elementor-element-populated\">\n\t\t\t\t\t\t\t\t<div class=\"elementor-element elementor-element-5da90bb elementor-invisible elementor-widget elementor-widget-text-editor\" data-id=\"5da90bb\" data-element_type=\"widget\" data-settings=\"{&quot;_animation&quot;:&quot;fadeInUp&quot;,&quot;_animation_tablet&quot;:&quot;none&quot;}\" data-widget_type=\"text-editor.default\">\n\t\t\t\t<div class=\"elementor-widget-container\">\n\t\t\t<style>\/*! elementor - v3.11.5 - 14-03-2023 *\/\n.elementor-widget-text-editor.elementor-drop-cap-view-stacked .elementor-drop-cap{background-color:#818a91;color:#fff}.elementor-widget-text-editor.elementor-drop-cap-view-framed .elementor-drop-cap{color:#818a91;border:3px solid;background-color:transparent}.elementor-widget-text-editor:not(.elementor-drop-cap-view-default) .elementor-drop-cap{margin-top:8px}.elementor-widget-text-editor:not(.elementor-drop-cap-view-default) .elementor-drop-cap-letter{width:1em;height:1em}.elementor-widget-text-editor .elementor-drop-cap{float:left;text-align:center;line-height:1;font-size:50px}.elementor-widget-text-editor .elementor-drop-cap-letter{display:inline-block}<\/style>\t\t\t\t<ol><li><strong> DATOS IDENTIFICATIVOS: <\/strong>En cumplimiento del deber de informaci\u00f3n recogido en el art\u00edculo 10 de la Ley 34\/2002, de 11 de julio, de Servicios de la Sociedad de la Informaci\u00f3n y del Comercio electr\u00f3nico, a continuaci\u00f3n se reflejan los siguientes datos: la empresa titular de\u00a0<a href=\"http:\/\/www.galiforest.com\" target=\"_blank\" rel=\"noopener\"><b>www.galiforest.com<\/b><\/a>\u00a0es <strong>FUNDACI\u00d3N SEMANA VERDE DE GALICIA<\/strong><strong>, <\/strong>con CIF G 36.155.208 y domicilio a estos efectos en Recinto Ferial s\/n, 36.540, Silleda (Pontevedra), con correo electr\u00f3nico de contacto: <a href=\"mailto:info@feiragalicia.com\">info@feiragalicia.com<\/a><\/li><li><strong> USUARIOS: <\/strong>El acceso y\/o uso de este portal de <strong>FUNDACI\u00d3N SEMANA VERDE DE GALICIA <\/strong>atribuye la condici\u00f3n de USUARIO, que acepta, desde dicho acceso y\/o uso, las Condiciones Generales de uso aqu\u00ed reflejadas. Las citadas condiciones ser\u00e1n de aplicaci\u00f3n independientemente de las Condiciones Generales de Contrataci\u00f3n que en su caso resulten de obligado cumplimiento.<\/li><li><strong> USO DEL PORTAL:<\/strong><\/li><li>\u00a0<a href=\"http:\/\/www.galiforest.com\" target=\"_blank\" rel=\"noopener\"><b>www.galiforest.com<\/b><\/a>\u00a0<\/li><li>proporciona el acceso a multitud de informaciones, servicios, programas o datos (en adelante, \u201clos contenidos\u201d) en Internet pertenecientes a <strong>FUNDACI\u00d3N SEMANA VERDE DE GALICIA <\/strong>a los que el USUARIO pueda tener acceso. EL USUARIO asume la responsabilidad de uso del portal. Dicha responsabilidad se extiende al registro que fuese necesario para acceder a determinados servicios o contenidos.<\/li><\/ol><p>En dicho registro el USUARIO ser\u00e1 responsable de aportar informaci\u00f3n veraz y l\u00edcita. Como consecuencia de este registro, al USUARIO se le puede proporcionar una contrase\u00f1a de la que ser\u00e1 responsable, comprometi\u00e9ndose a hacer un uso diligente y confidencial de la misma. EL USUARIO se compromete a hacer un uso adecuado de los contenidos y servicios que <strong>FUNDACI\u00d3N SEMANA VERDE DE GALICIA <\/strong>ofrece a trav\u00e9s de su p\u00e1gina Web, comprometi\u00e9ndose a no utilizarlos para actividades que puedan ser il\u00edcitas, contrarias al orden p\u00fablico, a la defensa nacional o a la salud p\u00fablica.<\/p><p>En todo caso, <strong>FUNDACI\u00d3N SEMANA VERDE DE GALICIA <\/strong>se reserva el derecho de modificar unilateralmente, en cualquier momento y sin necesidad de previo aviso, la estructura y dise\u00f1o del sitio Web: modificar o eliminar servicios o contenidos as\u00ed como las condiciones de acceso y\/o uso del sitio Web.<\/p><p>Del mismo modo <strong>FUNDACI\u00d3N SEMANA VERDE DE GALICIA <\/strong>se reserva el derecho a modificar en cualquier momento las presentes condiciones de uso, as\u00ed como cualesquiera otras condiciones particulares contenidas en el sitio web\u00a0<a style=\"font-size: 1rem; letter-spacing: -0.3px;\" href=\"http:\/\/www.galiforest.com\" target=\"_blank\" rel=\"noopener\"><span style=\"font-weight: bold;\">www.galiforest.com<\/span><\/a><\/p><ol start=\"4\"><li><strong> PROTECCI\u00d3N DE DATOS DE CAR\u00c1CTER PERSONAL<\/strong><\/li><\/ol><p>En cumplimiento de lo establecido en el Reglamento General (UE) 2016\/679 de Protecci\u00f3n de Datos, comunicamos al usuario que los datos personales que nos facilite de forma voluntaria , por cualquiera de nuestros medios de recogida de informaci\u00f3n, van a ser incorporados a las Actividades de Tratamiento automatizados de datos de car\u00e1cter personal titularidad de <strong>FUNDACI\u00d3N SEMANA VERDE DE GALICIA<\/strong>, con el fin de poderle prestar nuestros servicios, as\u00ed como para mantenerle informado sobre cuestiones relativas a la actividad de la empresa y sus servicios. Los campos marcados con \u201c*\u201d son de car\u00e1cter obligatorio, por lo que la no cumplimentaci\u00f3n de dichos campos impedir\u00e1 al USUARIO disfrutar de algunos de los Servicios e informaciones ofrecidas en la Web. Los datos contenidos en ellos ser\u00e1n tratados de forma confidencial.<\/p><p><strong>FUNDACI\u00d3N SEMANA VERDE DE GALICIA<\/strong> cumple \u00edntegramente con la legislaci\u00f3n vigente en materia de protecci\u00f3n de datos de car\u00e1cter personal, y con los compromisos de confidencialidad propios de su actividad.<\/p><p><strong>FUNDACI\u00d3N SEMANA VERDE DE GALICIA <\/strong>ha adoptado las medidas t\u00e9cnicas necesarias para mantener el nivel de seguridad requerido, seg\u00fan la naturaleza de los datos personales tratados y las circunstancias del tratamiento, con el objeto de evitar, en la medida de lo posible y siempre seg\u00fan el estado de la t\u00e9cnica, su alteraci\u00f3n, p\u00e9rdida, tratamiento o acceso no autorizado. Para la realizaci\u00f3n de la gesti\u00f3n antes mencionada puede ser necesario que se cedan los datos a encargados del tratamiento, empresas colaboradoras y administraciones p\u00fablicas (las cuales pueden verificar la veracidad de los datos).<\/p><p>En caso de que el USUARIO facilite datos de car\u00e1cter personal, referentes a personas f\u00edsicas distintas a s\u00ed mismo, el USUARIO deber\u00e1, con car\u00e1cter previo a la inclusi\u00f3n, informarles del contenido de la presente clausula, de acuerdo con lo establecido en el Reglamento General (UE) 2016\/679 de Protecci\u00f3n de Datos.<\/p><p><strong>FUNDACI\u00d3N SEMANA VERDE DE GALICIA <\/strong>como responsable de la Actividad de Tratamiento, garantiza el ejercicio de los derechos de acceso, rectificaci\u00f3n, supresi\u00f3n, limitaci\u00f3n, oposici\u00f3n y portabilidad de los datos aportados, seg\u00fan lo dispuesto en el Reglamento General (UE) 2016\/679 de Protecci\u00f3n de Datos, el USUARIO podr\u00e1 ejercer en todo momento los derechos, dirigiendo un escrito al domicilio social, adjuntando copia del DNI o Pasaporte.<\/p><p><strong>FUNDACI\u00d3N SEMANA VERDE DE GALICIA<\/strong> garantiza que todas las comunicaciones comerciales que dirige a sus clientes cumplen la normativa vigente.<\/p><p>Por ello, en cumplimiento de la Ley 34\/2002 de Servicios de la Sociedad de la Informaci\u00f3n y de Comercio Electr\u00f3nico y la Ley 9\/2014 General de Telecomunicaciones, se informa al USUARIO que <strong>FUNDACI\u00d3N SEMANA VERDE DE GALICIA <\/strong>podr\u00e1 enviarle por medios electr\u00f3nicos informaci\u00f3n acerca de productos y servicios de inter\u00e9s a lo que Ud. presta su consentimiento<\/p><p>En cualquier momento podr\u00e1 revocar esta autorizaci\u00f3n en la direcci\u00f3n <a href=\"mailto:info@feiragalicia.com\">info@feiragalicia.com<\/a><\/p><ol start=\"5\"><li><strong> USO DE COOKIES: <\/strong>Se advierte al USUARIO que este sitio Web utiliza cookies. Las cookies son peque\u00f1os archivos de texto que se instalan en el navegador del ordenador del USUARIO para registrar su actividad, enviando una identificaci\u00f3n an\u00f3nima que se almacena en el mismo, con la finalidad de que la navegaci\u00f3n sea m\u00e1s sencilla, permitiendo por ejemplo, el acceso a los USUARIOS que se hayan registrado previamente y el acceso a las \u00e1reas, servicios, promociones o concursos reservados exclusivamente a ellos sin tener que registrarse en cada visita. Se pueden utilizar tambi\u00e9n para medir la audiencia, par\u00e1metros del tr\u00e1fico y navegaci\u00f3n, tiempo de sesi\u00f3n, y\/o controlar el progreso y n\u00famero de entradas. <strong>FUNDACI\u00d3N SEMANA VERDE DE GALICIA <\/strong>procurar\u00e1 en todo momento establecer mecanismos adecuados para obtener el consentimiento del USUARIO para la instalaci\u00f3n de cookies que lo requieran. No obstante lo anterior, deber\u00e1 tenerse en cuenta que de conformidad con la ley, se entender\u00e1 que (i)el USUARIO ha dado su consentimiento si modifica la configuraci\u00f3n del navegador deshabilitando las restricciones que impiden la entrada de cookies y (ii)que el referido consentimiento no ser\u00e1 preciso para la instalaci\u00f3n de aquellas cookies que sean estrictamente necesarias para la prestaci\u00f3n de un servicio expresamente solicitado por el USUARIO (mediante registro previo).<\/li><\/ol><p>Puede ocurrir que algunas cookies utilizadas en este sitio Web no est\u00e9n relacionadas con <strong>FUNDACI\u00d3N SEMANA VERDE DE GALICIA. <\/strong>Ello se debe a que algunas p\u00e1ginas del sitio Web tienen insertado contenido procedente de webs de terceras partes (como por ejemplo un video de YouTube).<\/p><p>Debido a que el referido contenido procede de otra web, <strong>FUNDACI\u00d3N SEMANA VERDE DE GALICIA<\/strong> no controla la configuraci\u00f3n de dichas cookies. Si usted quiere cambiar sus preferencias de configuraci\u00f3n de cookies, deber\u00e1 consultar los sitios Web de dichas terceras partes para obtener informaci\u00f3n.<\/p><ol start=\"6\"><li><strong> PROPIEDAD INTELECTUAL E INDUSTRIAL: <\/strong><strong>FUNDACI\u00d3N SEMANA VERDE DE GALICIA <\/strong> por s\u00ed o como cesionaria, es titular de todos los derechos de propiedad intelectual e industrial de su p\u00e1gina Web, as\u00ed como de los elementos contenidos en la misma (a t\u00edtulo enunciativo, im\u00e1genes, sonido, audio, video, software o textos; marcas o logotipos, combinaciones de colores, estructura y dise\u00f1o..), quedando expresamente prohibidas su reproducci\u00f3n, distribuci\u00f3n y comunicaci\u00f3n p\u00fablica, incluida la modalidad de puesta a disposici\u00f3n de la totalidad o parte de los contenidos de esta p\u00e1gina Web, en cualquier soporte y por cualquier medio t\u00e9cnico, sin la autorizaci\u00f3n de <strong>FUNDACI\u00d3N SEMANA VERDE DE GALICIA<\/strong><\/li><\/ol><p>El USUARIO se compromete a respetar los derechos de Propiedad intelectual e Industrial titularidad de <strong>FUNDACI\u00d3N SEMANA VERDE DE GALICIA. <\/strong>El USUARIO deber\u00e1 abstenerse de suprimir, alterar, eludir o manipular cualquier dispositivo de protecci\u00f3n o sistema de seguridad que estuviera instalado en la p\u00e1gina Web.<\/p><ol start=\"7\"><li><strong> EXCLUSI\u00d3N DE GARANT\u00cdAS Y RESPONSABILIDAD: <\/strong><strong>FUNDACI\u00d3N SEMANA VERDE DE GALICIA <\/strong> no se hace responsable, en ning\u00fan caso, de los da\u00f1os y perjuicios de cualquier naturaleza que pudieran ocasionar, a t\u00edtulo enunciativo: errores u omisiones en los contenidos, falta de disponibilidad del sitio Web o la trasmisi\u00f3n de virus o programas maliciosos o lesivos en los contenidos, a pesar de haber adoptado todas las medidas tecnol\u00f3gicas necesarias para evitarlo.<\/li><\/ol><p>Deficiencias del servicio, de las redes de comunicaci\u00f3n, de los problemas resultantes del mal funcionamiento o uso de versiones no optimizadas de cualquier navegador, posibles errores de seguridad que se pueden producir ni de los posibles da\u00f1os que se puedan causar en el sistema inform\u00e1tico del USUARIO, a los ficheros o documentos almacenados en el mismo, como consecuencia de la presencia de virus en el ordenador del USUARIO utilizado para la conexi\u00f3n a los servicios y contenidos del sitio Web, aver\u00edas telef\u00f3nicas, interferencias, omisiones o desconexiones en el funcionamiento operativo del sistema electr\u00f3nico motivados por causas ajenas a <strong>FUNDACI\u00d3N SEMANA VERDE DE GALICIA<\/strong>; del conocimiento que puedan tener terceros no autorizados de la clase, condiciones, caracter\u00edsticas y circunstancias de acceso y uso que los USUARIOS hacen del sitio Web y de las informaciones y servicios. Del uso il\u00edcito, negligente, fraudulento, contrario a las presentes Condiciones Generales, a la buena fe, a los usos generales aceptados o al orden p\u00fablico, del sitio Web, sus servicios o contenidos, por parte de los USUARIOS<\/p><ol start=\"8\"><li><strong> MODIFICACIONES: <\/strong><strong>FUNDACI\u00d3N SEMANA VERDE DE GALICIA <\/strong>se reserva el derecho a efectuar sin previo aviso las modificaciones que considere oportunas en la p\u00e1gina web, pudiendo cambiar, suprimir o a\u00f1adir tanto contenidos y servicios que se presten a trav\u00e9s de la misma como la forma en la que estos aparezcan presentados o localizados en su portal.<\/li><li><strong> ENLACES: <\/strong>En el caso de que en\u00a0<a style=\"letter-spacing: -0.3px;\" href=\"http:\/\/www.galiforest.com\" target=\"_blank\" rel=\"noopener\"><span style=\"font-weight: bold;\">www.galiforest.com<\/span><\/a>\u00a0se dispusiesen enlaces o hiperv\u00ednculos hacia otros sitios de internet, <strong>FUNDACI\u00d3N SEMANA VERDE DE GALICIA<\/strong>no ejercer\u00e1 ning\u00fan tipo de control sobre dichos sitios y contenido. Bajo ninguna circunstancia, <strong>FUNDACI\u00d3N SEMANA VERDE DE GALICIA <\/strong>asumir\u00e1 responsabilidad alguna por los contenidos de alg\u00fan enlace perteneciente a un sitio web ajeno, ni garantizar\u00e1 la disponibilidad t\u00e9cnica, calidad fiabilidad, exactitud, amplitud, veracidad, validez y constitucionalidad de cualquier material o informaci\u00f3n contenida en ninguno de dichos hiperv\u00ednculos u otros sitios de internet. Igualmente la inclusi\u00f3n de estas conexiones externas no implicar\u00e1 ning\u00fan tipo de asociaci\u00f3n, fusi\u00f3n o participaci\u00f3n con las entidades conectadas.<\/li><li><strong> DERECHO DE EXCLUSI\u00d3N: <\/strong><strong>FUNDACI\u00d3N SEMANA VERDE DE GALICIA <\/strong>se reserva el derecho de bloquear el acceso de un USUARIO ante cualquier indicio de utilizaci\u00f3n fraudulenta de los servicios ofrecidos sin necesidad de preaviso, a instancia propia o de un tercero, a aquellos usuarios que incumplan las presentes condiciones Generales de Uso.<\/li><li><strong> GENERALIDADES: <\/strong><strong>FUNDACI\u00d3N SEMANA VERDE DE GALICIA\u00a0<\/strong>perseguir\u00e1 el incumplimiento de las presentes condiciones as\u00ed como cualquier utilizaci\u00f3n indebida de su portal ejerciendo todas las acciones civiles y penales que le pueden corresponder en derecho<\/li><li><strong> MODIFICACI\u00d3N DE LAS PRESENTES CONDICIONES Y DURACI\u00d3N: <\/strong><strong>FUNDACI\u00d3N SEMANA VERDE DE GALICIA <\/strong>podr\u00e1 modificar en cualquier momento las condiciones aqu\u00ed determinadas, siendo debidamente publicadas como aqu\u00ed aparecen. La vigencia de las citadas condiciones ir\u00e1 en funci\u00f3n de su exposici\u00f3n y estar\u00e1n vigentes hasta que sean modificadas por otras debidamente publicadas.<\/li><li><strong> LEGISLACI\u00d3N APLICABLE Y JURISDICCI\u00d3N: <\/strong>La relaci\u00f3n entre <strong>FUNDACI\u00d3N SEMANA VERDE DE GALICIA <\/strong>y el USUARIO se regir\u00e1 por la normativa espa\u00f1ola vigente y cualquier controversia se someter\u00e1 a los Juzgados y Tribunales de Lal\u00edn.<\/li><\/ol>\t\t\t\t\t\t<\/div>\n\t\t\t\t<\/div>\n\t\t\t\t\t<\/div>\n\t\t<\/div>\n\t\t\t\t\t\t\t<\/div>\n\t\t<\/section>\n\t\t\t\t\t\t\t<\/div>\n\t\t","protected":false},"excerpt":{"rendered":"<p>DATOS IDENTIFICATIVOS: En cumplimiento del deber de informaci\u00f3n recogido en el art\u00edculo 10 de la Ley 34\/2002, de 11 de julio, de Servicios de la Sociedad de la Informaci\u00f3n y &#8230; <a title=\"Aviso legal\" class=\"read-more\" href=\"https:\/\/www.feiradegalicia.com\/gl\/aviso-legal-2\/\" aria-label=\"M\u00e1is en Aviso legal\">Ler m\u00e1is<\/a><\/p>\n","protected":false},"author":1,"featured_media":0,"parent":0,"menu_order":0,"comment_status":"closed","ping_status":"closed","template":"elementor_header_footer","meta":{"_price":"","_stock":"","_tribe_ticket_header":"","_tribe_default_ticket_provider":"","_tribe_ticket_capacity":"0","_ticket_start_date":"","_ticket_end_date":"","_tribe_ticket_show_description":"","_tribe_ticket_show_not_going":false,"_tribe_ticket_use_global_stock":"","_tribe_ticket_global_stock_level":"","_global_stock_mode":"","_global_stock_cap":"","_tribe_rsvp_for_event":"","_tribe_ticket_going_count":"","_tribe_ticket_not_going_count":"","_tribe_tickets_list":[],"_tribe_ticket_has_attendee_info_fields":false,"footnotes":""},"class_list":["post-1536","page","type-page","status-publish"],"acf":[],"yoast_head":"<!-- This site is optimized with the Yoast SEO plugin v18.1 - https:\/\/yoast.com\/wordpress\/plugins\/seo\/ -->\n<title>Aviso legal - Acreditaciones \/ Acreditaci\u00f3ns Feira Internacional de Galicia<\/title>\n<meta name=\"robots\" content=\"noindex, follow\" \/>\n<meta property=\"og:locale\" content=\"gl_ES\" \/>\n<meta property=\"og:type\" content=\"article\" \/>\n<meta property=\"og:title\" content=\"Aviso legal - Acreditaciones \/ Acreditaci\u00f3ns Feira Internacional de Galicia\" \/>\n<meta property=\"og:description\" content=\"DATOS IDENTIFICATIVOS: En cumplimiento del deber de informaci\u00f3n recogido en el art\u00edculo 10 de la Ley 34\/2002, de 11 de julio, de Servicios de la Sociedad de la Informaci\u00f3n y ... Ler m\u00e1is\" \/>\n<meta property=\"og:url\" content=\"https:\/\/www.feiradegalicia.com\/gl\/aviso-legal-2\/\" \/>\n<meta property=\"og:site_name\" content=\"Acreditaciones \/ Acreditaci\u00f3ns Feira Internacional de Galicia\" \/>\n<meta property=\"article:publisher\" content=\"https:\/\/twitter.com\/galiforest\" \/>\n<meta property=\"article:modified_time\" content=\"2022-06-16T11:42:15+00:00\" \/>\n<meta name=\"twitter:card\" content=\"summary_large_image\" \/>\n<meta name=\"twitter:site\" content=\"@galiforest\" \/>\n<meta name=\"twitter:label1\" content=\"Tempo de lectura\" \/>\n\t<meta name=\"twitter:data1\" content=\"11 minutos\" \/>\n<script type=\"application\/ld+json\" class=\"yoast-schema-graph\">{\"@context\":\"https:\/\/schema.org\",\"@graph\":[{\"@type\":\"Organization\",\"@id\":\"https:\/\/www.feiradegalicia.com\/gl\/#organization\",\"name\":\"GALIFOREST ABANCA\",\"url\":\"https:\/\/www.feiradegalicia.com\/gl\/\",\"sameAs\":[\"https:\/\/twitter.com\/galiforest\",\"https:\/\/es.linkedin.com\/company\/feira-internacional-de-galicia---figa\"],\"logo\":{\"@type\":\"ImageObject\",\"@id\":\"https:\/\/www.feiradegalicia.com\/gl\/#logo\",\"inLanguage\":\"gl-ES\",\"url\":\"https:\/\/www.galiforest.com\/2022\/wp-content\/uploads\/2022\/05\/logo_galiforest-.png\",\"contentUrl\":\"https:\/\/www.galiforest.com\/2022\/wp-content\/uploads\/2022\/05\/logo_galiforest-.png\",\"width\":508,\"height\":254,\"caption\":\"GALIFOREST ABANCA\"},\"image\":{\"@id\":\"https:\/\/www.feiradegalicia.com\/gl\/#logo\"}},{\"@type\":\"WebSite\",\"@id\":\"https:\/\/www.feiradegalicia.com\/gl\/#website\",\"url\":\"https:\/\/www.feiradegalicia.com\/gl\/\",\"name\":\"Acreditaciones \/ Acreditaci\u00f3ns Feira Internacional de Galicia\",\"description\":\"Inscripci\u00f3n visitantes profesionales \/ Inscrici\u00f3n visitantes profesionais\",\"publisher\":{\"@id\":\"https:\/\/www.feiradegalicia.com\/gl\/#organization\"},\"potentialAction\":[{\"@type\":\"SearchAction\",\"target\":{\"@type\":\"EntryPoint\",\"urlTemplate\":\"https:\/\/www.feiradegalicia.com\/gl\/?s={search_term_string}\"},\"query-input\":\"required name=search_term_string\"}],\"inLanguage\":\"gl-ES\"},{\"@type\":\"WebPage\",\"@id\":\"https:\/\/www.feiradegalicia.com\/gl\/aviso-legal-2\/#webpage\",\"url\":\"https:\/\/www.feiradegalicia.com\/gl\/aviso-legal-2\/\",\"name\":\"Aviso legal - Acreditaciones \/ Acreditaci\u00f3ns Feira Internacional de Galicia\",\"isPartOf\":{\"@id\":\"https:\/\/www.feiradegalicia.com\/gl\/#website\"},\"datePublished\":\"2022-03-10T07:53:52+00:00\",\"dateModified\":\"2022-06-16T11:42:15+00:00\",\"breadcrumb\":{\"@id\":\"https:\/\/www.feiradegalicia.com\/gl\/aviso-legal-2\/#breadcrumb\"},\"inLanguage\":\"gl-ES\",\"potentialAction\":[{\"@type\":\"ReadAction\",\"target\":[\"https:\/\/www.feiradegalicia.com\/gl\/aviso-legal-2\/\"]}]},{\"@type\":\"BreadcrumbList\",\"@id\":\"https:\/\/www.feiradegalicia.com\/gl\/aviso-legal-2\/#breadcrumb\",\"itemListElement\":[{\"@type\":\"ListItem\",\"position\":1,\"name\":\"Portada\",\"item\":\"https:\/\/www.feiradegalicia.com\/gl\/\"},{\"@type\":\"ListItem\",\"position\":2,\"name\":\"Aviso legal\"}]}]}<\/script>\n<!-- \/ Yoast SEO plugin. -->","yoast_head_json":{"title":"Aviso legal - Acreditaciones \/ Acreditaci\u00f3ns Feira Internacional de Galicia","robots":{"index":"noindex","follow":"follow"},"og_locale":"gl_ES","og_type":"article","og_title":"Aviso legal - Acreditaciones \/ Acreditaci\u00f3ns Feira Internacional de Galicia","og_description":"DATOS IDENTIFICATIVOS: En cumplimiento del deber de informaci\u00f3n recogido en el art\u00edculo 10 de la Ley 34\/2002, de 11 de julio, de Servicios de la Sociedad de la Informaci\u00f3n y ... Ler m\u00e1is","og_url":"https:\/\/www.feiradegalicia.com\/gl\/aviso-legal-2\/","og_site_name":"Acreditaciones \/ Acreditaci\u00f3ns Feira Internacional de Galicia","article_publisher":"https:\/\/twitter.com\/galiforest","article_modified_time":"2022-06-16T11:42:15+00:00","twitter_card":"summary_large_image","twitter_site":"@galiforest","twitter_misc":{"Tempo de lectura":"11 minutos"},"schema":{"@context":"https:\/\/schema.org","@graph":[{"@type":"Organization","@id":"https:\/\/www.feiradegalicia.com\/gl\/#organization","name":"GALIFOREST ABANCA","url":"https:\/\/www.feiradegalicia.com\/gl\/","sameAs":["https:\/\/twitter.com\/galiforest","https:\/\/es.linkedin.com\/company\/feira-internacional-de-galicia---figa"],"logo":{"@type":"ImageObject","@id":"https:\/\/www.feiradegalicia.com\/gl\/#logo","inLanguage":"gl-ES","url":"https:\/\/www.galiforest.com\/2022\/wp-content\/uploads\/2022\/05\/logo_galiforest-.png","contentUrl":"https:\/\/www.galiforest.com\/2022\/wp-content\/uploads\/2022\/05\/logo_galiforest-.png","width":508,"height":254,"caption":"GALIFOREST ABANCA"},"image":{"@id":"https:\/\/www.feiradegalicia.com\/gl\/#logo"}},{"@type":"WebSite","@id":"https:\/\/www.feiradegalicia.com\/gl\/#website","url":"https:\/\/www.feiradegalicia.com\/gl\/","name":"Acreditaciones \/ Acreditaci\u00f3ns Feira Internacional de Galicia","description":"Inscripci\u00f3n visitantes profesionales \/ Inscrici\u00f3n visitantes profesionais","publisher":{"@id":"https:\/\/www.feiradegalicia.com\/gl\/#organization"},"potentialAction":[{"@type":"SearchAction","target":{"@type":"EntryPoint","urlTemplate":"https:\/\/www.feiradegalicia.com\/gl\/?s={search_term_string}"},"query-input":"required name=search_term_string"}],"inLanguage":"gl-ES"},{"@type":"WebPage","@id":"https:\/\/www.feiradegalicia.com\/gl\/aviso-legal-2\/#webpage","url":"https:\/\/www.feiradegalicia.com\/gl\/aviso-legal-2\/","name":"Aviso legal - Acreditaciones \/ Acreditaci\u00f3ns Feira Internacional de Galicia","isPartOf":{"@id":"https:\/\/www.feiradegalicia.com\/gl\/#website"},"datePublished":"2022-03-10T07:53:52+00:00","dateModified":"2022-06-16T11:42:15+00:00","breadcrumb":{"@id":"https:\/\/www.feiradegalicia.com\/gl\/aviso-legal-2\/#breadcrumb"},"inLanguage":"gl-ES","potentialAction":[{"@type":"ReadAction","target":["https:\/\/www.feiradegalicia.com\/gl\/aviso-legal-2\/"]}]},{"@type":"BreadcrumbList","@id":"https:\/\/www.feiradegalicia.com\/gl\/aviso-legal-2\/#breadcrumb","itemListElement":[{"@type":"ListItem","position":1,"name":"Portada","item":"https:\/\/www.feiradegalicia.com\/gl\/"},{"@type":"ListItem","position":2,"name":"Aviso legal"}]}]}},"_links":{"self":[{"href":"https:\/\/www.feiradegalicia.com\/gl\/wp-json\/wp\/v2\/pages\/1536","targetHints":{"allow":["GET"]}}],"collection":[{"href":"https:\/\/www.feiradegalicia.com\/gl\/wp-json\/wp\/v2\/pages"}],"about":[{"href":"https:\/\/www.feiradegalicia.com\/gl\/wp-json\/wp\/v2\/types\/page"}],"author":[{"embeddable":true,"href":"https:\/\/www.feiradegalicia.com\/gl\/wp-json\/wp\/v2\/users\/1"}],"replies":[{"embeddable":true,"href":"https:\/\/www.feiradegalicia.com\/gl\/wp-json\/wp\/v2\/comments?post=1536"}],"version-history":[{"count":7,"href":"https:\/\/www.feiradegalicia.com\/gl\/wp-json\/wp\/v2\/pages\/1536\/revisions"}],"predecessor-version":[{"id":2621,"href":"https:\/\/www.feiradegalicia.com\/gl\/wp-json\/wp\/v2\/pages\/1536\/revisions\/2621"}],"wp:attachment":[{"href":"https:\/\/www.feiradegalicia.com\/gl\/wp-json\/wp\/v2\/media?parent=1536"}],"curies":[{"name":"wp","href":"https:\/\/api.w.org\/{rel}","templated":true}]}}